{"id":39,"date":"2018-10-12T07:50:12","date_gmt":"2018-10-12T04:50:12","guid":{"rendered":"https:\/\/www.dasbilgisayar.com\/?page_id=39"},"modified":"2024-08-29T14:07:32","modified_gmt":"2024-08-29T11:07:32","slug":"projects","status":"publish","type":"page","link":"https:\/\/www.dasbilgisayar.com\/tr\/projects\/","title":{"rendered":"Projeler"},"content":{"rendered":"<h3 class=\"wp-block-heading\"><a>National Water Co. Riyad i\u00e7in Su \u015eebekesi CBS G\u00fcncellemesi ve Ka\u00e7ak Projeleri<\/a><\/h3>\n\n\n\n<div class=\"wp-block-media-text alignwide is-stacked-on-mobile\"><figure class=\"wp-block-media-text__media\"><img loading=\"lazy\" decoding=\"async\" width=\"800\" height=\"503\" src=\"https:\/\/www.dasbilgisayar.com\/wp-content\/uploads\/2019\/03\/Project-1-800x503.jpg\" alt=\"\" class=\"wp-image-235 size-full\" srcset=\"https:\/\/www.dasbilgisayar.com\/wp-content\/uploads\/2019\/03\/Project-1-800x503.jpg 800w, https:\/\/www.dasbilgisayar.com\/wp-content\/uploads\/2019\/03\/Project-1-800x503-300x189.jpg 300w, https:\/\/www.dasbilgisayar.com\/wp-content\/uploads\/2019\/03\/Project-1-800x503-768x483.jpg 768w, https:\/\/www.dasbilgisayar.com\/wp-content\/uploads\/2019\/03\/Project-1-800x503-20x13.jpg 20w\" sizes=\"auto, (max-width: 800px) 100vw, 800px\" \/><\/figure><div class=\"wp-block-media-text__content\">\n<p>FCC Aqualia Co. alt y\u00fcklenicisi olarak NWC i\u00e7in su \u015febekesi bilgi sistemi g\u00fcncellenmi\u015ftir. <\/p>\n\n\n\n<p>Toplamda: <\/p>\n\n\n\n<ul class=\"wp-block-list\">\n<li>6.700 Km su hatt\u0131,<\/li>\n\n\n\n<li>160.000 adet su sayac\u0131,<\/li>\n\n\n\n<li>2.200 su odas\u0131 GPS ve veri toplay\u0131c\u0131lar kullan\u0131larak g\u00f6zlemlendi ve ard\u0131ndan CBS'ye entegre edildi.<\/li>\n<\/ul>\n\n\n\n<p>\u015eebekedeki s\u0131z\u0131nt\u0131lar tespit edildi ve ana y\u00fckleniciye bildirildi.<\/p>\n<\/div><\/div>\n\n\n\n<h3 class=\"wp-block-heading\"><a>National Water Co. Riyad i\u00e7in Tatl\u0131 Su ve At\u0131k Su CBS Projesi<\/a><\/h3>\n\n\n\n<div class=\"wp-block-media-text alignwide is-stacked-on-mobile\"><figure class=\"wp-block-media-text__media\"><img loading=\"lazy\" decoding=\"async\" width=\"800\" height=\"600\" src=\"https:\/\/www.dasbilgisayar.com\/wp-content\/uploads\/2022\/05\/Riyad-Water.webp\" alt=\"\" class=\"wp-image-1947 size-full\" srcset=\"https:\/\/www.dasbilgisayar.com\/wp-content\/uploads\/2022\/05\/Riyad-Water.webp 800w, https:\/\/www.dasbilgisayar.com\/wp-content\/uploads\/2022\/05\/Riyad-Water-300x225.webp 300w, https:\/\/www.dasbilgisayar.com\/wp-content\/uploads\/2022\/05\/Riyad-Water-768x576.webp 768w, https:\/\/www.dasbilgisayar.com\/wp-content\/uploads\/2022\/05\/Riyad-Water-16x12.webp 16w\" sizes=\"auto, (max-width: 800px) 100vw, 800px\" \/><\/figure><div class=\"wp-block-media-text__content\">\n<p>Ulusal Su \u015eirketi RCBU i\u00e7in tatl\u0131 su ve at\u0131k su \u015febekesi bilgi sistemi kurulmu\u015ftur. Projenin i\u00e7inde;<\/p>\n\n\n\n<ul class=\"wp-block-list\">\n<li>9,000 Km su hatti<\/li>\n\n\n\n<li>6.000 Km at\u0131k su hatt\u0131<\/li>\n\n\n\n<li>6.500 su odas\u0131<\/li>\n\n\n\n<li>2.200 su basm\u0131\u015f su odas\u0131 bo\u015falt\u0131ld\u0131 ve temizlendi.<\/li>\n\n\n\n<li>1.000 s\u0131hhi menhol<\/li>\n<\/ul>\n\n\n\n<p>Toplamda 180.000 su sayac\u0131 g\u00f6zlemlenmi\u015f ve NWC CBS sisteminde g\u00fcncellenmi\u015ftir.<\/p>\n<\/div><\/div>\n\n\n\n<h2 class=\"wp-block-heading\"><a>Arriyadh Development Authority i\u00e7in \u0130lgi \u00c7ekici Noktalar (POI)<\/a><\/h2>\n\n\n\n<div class=\"wp-block-media-text alignwide is-stacked-on-mobile\"><figure class=\"wp-block-media-text__media\"><img loading=\"lazy\" decoding=\"async\" width=\"660\" height=\"405\" src=\"https:\/\/www.dasbilgisayar.com\/wp-content\/uploads\/2021\/04\/dji-phantom-4-pro.png\" alt=\"\" class=\"wp-image-1346 size-full\" srcset=\"https:\/\/www.dasbilgisayar.com\/wp-content\/uploads\/2021\/04\/dji-phantom-4-pro.png 660w, https:\/\/www.dasbilgisayar.com\/wp-content\/uploads\/2021\/04\/dji-phantom-4-pro-300x184.png 300w, https:\/\/www.dasbilgisayar.com\/wp-content\/uploads\/2021\/04\/dji-phantom-4-pro-16x10.png 16w\" sizes=\"auto, (max-width: 660px) 100vw, 660px\" \/><\/figure><div class=\"wp-block-media-text__content\">\n<p>Geosystem Co. alt y\u00fcklenicisi olarak Arriyadh Kalk\u0131nma \u0130daresi i\u00e7in Riyad \u015fehrinin ana yollar\u0131nda restoranlar, bankalar, marketler, showroomlar, camiler vb. dahil olmak \u00fczere 250 bin \u0130lgi \u00c7ekici Nokta (POI) toplad\u0131k.<\/p>\n<\/div><\/div>\n\n\n\n<h2 class=\"wp-block-heading\"><a>Riyad RTK CORS A\u011f\u0131n\u0131n Kurulmas\u0131<\/a><\/h2>\n\n\n\n<div class=\"wp-block-media-text alignwide is-stacked-on-mobile\"><figure class=\"wp-block-media-text__media\"><img loading=\"lazy\" decoding=\"async\" width=\"800\" height=\"503\" src=\"https:\/\/www.dasbilgisayar.com\/wp-content\/uploads\/2022\/05\/Corse2.webp\" alt=\"\" class=\"wp-image-1949 size-full\" srcset=\"https:\/\/www.dasbilgisayar.com\/wp-content\/uploads\/2022\/05\/Corse2.webp 800w, https:\/\/www.dasbilgisayar.com\/wp-content\/uploads\/2022\/05\/Corse2-300x189.webp 300w, https:\/\/www.dasbilgisayar.com\/wp-content\/uploads\/2022\/05\/Corse2-768x483.webp 768w, https:\/\/www.dasbilgisayar.com\/wp-content\/uploads\/2022\/05\/Corse2-18x12.webp 18w\" sizes=\"auto, (max-width: 800px) 100vw, 800px\" \/><\/figure><div class=\"wp-block-media-text__content\">\n<p>Bu a\u011f\u0131 kurduktan sonra bir y\u0131l boyunca bak\u0131m\u0131n\u0131 yapt\u0131k ve yeni personel yeti\u015ftirdik.<\/p>\n\n\n\n<p>Bu projenin amac\u0131, Riyad \u015eehri ve \u00e7evresinde \u00e7al\u0131\u015fan haritac\u0131lara koordineli d\u00fczeltmeler sa\u011flamakt\u0131r.<\/p>\n\n\n\n<p>Bu \u015febekenin sahibi National Water Company'dir. Nisan 2010'da kurulmu\u015ftur.<\/p>\n<\/div><\/div>\n\n\n\n<h2 class=\"wp-block-heading\"><a>GCS i\u00e7in Benchmarklar\u0131n An\u0131tla\u015ft\u0131r\u0131lmas\u0131 ve Hassas Tesviyesi<\/a><\/h2>\n\n\n\n<div class=\"wp-block-media-text alignwide is-stacked-on-mobile\"><figure class=\"wp-block-media-text__media\"><img loading=\"lazy\" decoding=\"async\" width=\"800\" height=\"600\" src=\"https:\/\/www.dasbilgisayar.com\/wp-content\/uploads\/2019\/03\/BatchMark.jpg\" alt=\"\" class=\"wp-image-227 size-full\" srcset=\"https:\/\/www.dasbilgisayar.com\/wp-content\/uploads\/2019\/03\/BatchMark.jpg 800w, https:\/\/www.dasbilgisayar.com\/wp-content\/uploads\/2019\/03\/BatchMark-300x225.jpg 300w, https:\/\/www.dasbilgisayar.com\/wp-content\/uploads\/2019\/03\/BatchMark-768x576.jpg 768w, https:\/\/www.dasbilgisayar.com\/wp-content\/uploads\/2019\/03\/BatchMark-20x15.jpg 20w\" sizes=\"auto, (max-width: 800px) 100vw, 800px\" \/><\/figure><div class=\"wp-block-media-text__content\">\n<p>GCS i\u00e7in yeni bir Jeodezik Seviye A\u011f\u0131n\u0131n kurulmas\u0131 ve Hassas Seviyelendirilmesi.<\/p>\n\n\n\n<ul class=\"wp-block-list\">\n<li>1. B\u00f6lge - 6.000 Km i\u00e7in An\u0131tla\u015ft\u0131rma ve K\u0131yaslama Noktalar\u0131n\u0131n Hassas Tesviyesi<\/li>\n\n\n\n<li>2. B\u00f6lge - 1.000 Km i\u00e7in Kar\u015f\u0131la\u015ft\u0131rma Noktalar\u0131n\u0131n An\u0131tla\u015ft\u0131r\u0131lmas\u0131 ve Hassas Tesviyesi<\/li>\n\n\n\n<li>3. B\u00f6lge - 7.500 Km i\u00e7in An\u0131tla\u015ft\u0131rma ve Kar\u015f\u0131la\u015ft\u0131rma Noktalar\u0131n\u0131n Hassas Tesviyesi<\/li>\n\n\n\n<li>4. B\u00f6lge - 6.500 Km i\u00e7in An\u0131tla\u015ft\u0131rma ve Referans Noktalar\u0131n\u0131n Hassas Tesviyesi<\/li>\n<\/ul>\n\n\n\n<p>T\u00fcm Suudi Arabistan'\u0131 kapsayan toplam 21.000 Km hassas tesviye ve ayr\u0131ca Genel Ara\u015ft\u0131rma Komisyonu hesab\u0131na 3.000'den fazla BM in\u015fa edilmi\u015ftir.<\/p>\n<\/div><\/div>","protected":false},"excerpt":{"rendered":"<p>Water Network GIS Update and Leakage Projects for National Water Co. Riyadh Fresh Water and Waste Water GIS Project for National Water Co. Riyadh Points of Interest (POI) for Arriyadh Development Authority We collected 250 K points of Interest (POI) including restaurants, banks, markets, showrooms, mosques, etc. on the main roads of Riyadh City for&#8230;<\/p>","protected":false},"author":1,"featured_media":0,"parent":0,"menu_order":0,"comment_status":"closed","ping_status":"closed","template":"","meta":{"_kad_blocks_custom_css":"","_kad_blocks_head_custom_js":"","_kad_blocks_body_custom_js":"","_kad_blocks_footer_custom_js":"","_kad_post_transparent":"","_kad_post_title":"hide","_kad_post_layout":"","_kad_post_sidebar_id":"","_kad_post_content_style":"","_kad_post_vertical_padding":"","_kad_post_feature":"","_kad_post_feature_position":"","_kad_post_header":false,"_kad_post_footer":false,"_kad_post_classname":"","footnotes":""},"class_list":["post-39","page","type-page","status-publish","hentry"],"taxonomy_info":[],"featured_image_src_large":false,"author_info":{"display_name":"admin","author_link":"https:\/\/www.dasbilgisayar.com\/tr\/author\/u7074942\/"},"comment_info":0,"_links":{"self":[{"href":"https:\/\/www.dasbilgisayar.com\/tr\/wp-json\/wp\/v2\/pages\/39","targetHints":{"allow":["GET"]}}],"collection":[{"href":"https:\/\/www.dasbilgisayar.com\/tr\/wp-json\/wp\/v2\/pages"}],"about":[{"href":"https:\/\/www.dasbilgisayar.com\/tr\/wp-json\/wp\/v2\/types\/page"}],"author":[{"embeddable":true,"href":"https:\/\/www.dasbilgisayar.com\/tr\/wp-json\/wp\/v2\/users\/1"}],"replies":[{"embeddable":true,"href":"https:\/\/www.dasbilgisayar.com\/tr\/wp-json\/wp\/v2\/comments?post=39"}],"version-history":[{"count":2,"href":"https:\/\/www.dasbilgisayar.com\/tr\/wp-json\/wp\/v2\/pages\/39\/revisions"}],"predecessor-version":[{"id":2324,"href":"https:\/\/www.dasbilgisayar.com\/tr\/wp-json\/wp\/v2\/pages\/39\/revisions\/2324"}],"wp:attachment":[{"href":"https:\/\/www.dasbilgisayar.com\/tr\/wp-json\/wp\/v2\/media?parent=39"}],"curies":[{"name":"wp","href":"https:\/\/api.w.org\/{rel}","templated":true}]}}