{"id":1179,"date":"2021-04-07T18:50:53","date_gmt":"2021-04-07T15:50:53","guid":{"rendered":"https:\/\/www.dasbilgisayar.com\/?page_id=1179"},"modified":"2024-08-31T17:45:38","modified_gmt":"2024-08-31T14:45:38","slug":"career","status":"publish","type":"page","link":"https:\/\/www.dasbilgisayar.com\/tr\/career\/","title":{"rendered":"Kariyer"},"content":{"rendered":"<style>.kb-row-layout-id1179_75dfa4-f2 > .kt-row-column-wrap{align-content:start;}:where(.kb-row-layout-id1179_75dfa4-f2 > .kt-row-column-wrap) > .wp-block-kadence-column{justify-content:start;}.kb-row-layout-id1179_75dfa4-f2 > .kt-row-column-wrap{column-gap:var(--global-kb-gap-md, 2rem);row-gap:var(--global-kb-gap-md, 2rem);padding-top:var(--global-kb-spacing-sm, 1.5rem);padding-bottom:var(--global-kb-spacing-sm, 1.5rem);grid-template-columns:minmax(0, 1fr);}.kb-row-layout-id1179_75dfa4-f2 > .kt-row-layout-overlay{opacity:0.30;}@media all and (max-width: 1024px){.kb-row-layout-id1179_75dfa4-f2 > .kt-row-column-wrap{grid-template-columns:minmax(0, 1fr);}}@media all and (max-width: 767px){.kb-row-layout-id1179_75dfa4-f2 > .kt-row-column-wrap{grid-template-columns:minmax(0, 1fr);}}<\/style><div class=\"kb-row-layout-wrap kb-row-layout-id1179_75dfa4-f2 alignnone wp-block-kadence-rowlayout\"><div class=\"kt-row-column-wrap kt-has-1-columns kt-row-layout-equal kt-tab-layout-inherit kt-mobile-layout-row kt-row-valign-top\">\n<style>.kadence-column1179_bb612b-7b > .kt-inside-inner-col,.kadence-column1179_bb612b-7b > .kt-inside-inner-col:before{border-top-left-radius:0px;border-top-right-radius:0px;border-bottom-right-radius:0px;border-bottom-left-radius:0px;}.kadence-column1179_bb612b-7b > .kt-inside-inner-col{column-gap:var(--global-kb-gap-sm, 1rem);}.kadence-column1179_bb612b-7b > .kt-inside-inner-col{flex-direction:column;}.kadence-column1179_bb612b-7b > .kt-inside-inner-col > .aligncenter{width:100%;}.kadence-column1179_bb612b-7b > .kt-inside-inner-col:before{opacity:0.3;}.kadence-column1179_bb612b-7b{position:relative;}@media all and (max-width: 1024px){.kadence-column1179_bb612b-7b > .kt-inside-inner-col{flex-direction:column;justify-content:center;}}@media all and (max-width: 767px){.kadence-column1179_bb612b-7b > .kt-inside-inner-col{flex-direction:column;justify-content:center;}}<\/style>\n<div class=\"wp-block-kadence-column kadence-column1179_bb612b-7b inner-column-1\"><div class=\"kt-inside-inner-col\">\n<h1 class=\"wp-block-heading has-text-align-center\">Neden Bizimle<\/h1>\n<\/div><\/div>\n\n<\/div><\/div>\n\n<style>.kb-row-layout-id1179_a4fb0a-03 > .kt-row-column-wrap{align-content:start;}:where(.kb-row-layout-id1179_a4fb0a-03 > .kt-row-column-wrap) > .wp-block-kadence-column{justify-content:start;}.kb-row-layout-id1179_a4fb0a-03 > .kt-row-column-wrap{column-gap:var(--global-kb-gap-md, 2rem);row-gap:var(--global-kb-gap-md, 2rem);padding-top:25px;padding-right:350px;padding-bottom:25px;padding-left:350px;}.kb-row-layout-id1179_a4fb0a-03 > .kt-row-column-wrap > div:not(.added-for-specificity){grid-column:initial;}.kb-row-layout-id1179_a4fb0a-03 > .kt-row-column-wrap{grid-template-columns:repeat(3, minmax(0, 1fr));}.kb-row-layout-id1179_a4fb0a-03 > .kt-row-layout-overlay{opacity:0.30;}@media all and (max-width: 1024px){.kb-row-layout-id1179_a4fb0a-03 > .kt-row-column-wrap{padding-right:5px;padding-left:5px;grid-template-columns:repeat(3, minmax(0, 1fr));}}@media all and (max-width: 1024px){.kb-row-layout-id1179_a4fb0a-03 > .kt-row-column-wrap > div:not(.added-for-specificity){grid-column:initial;}}@media all and (max-width: 767px){.kb-row-layout-id1179_a4fb0a-03 > .kt-row-column-wrap > div:not(.added-for-specificity){grid-column:initial;}.kb-row-layout-id1179_a4fb0a-03 > .kt-row-column-wrap{grid-template-columns:minmax(0, 1fr);}}<\/style><div class=\"kb-row-layout-wrap kb-row-layout-id1179_a4fb0a-03 alignnone wp-block-kadence-rowlayout\"><div class=\"kt-row-column-wrap kt-has-3-columns kt-row-layout-equal kt-tab-layout-inherit kt-mobile-layout-row kt-row-valign-top\">\n<style>.kadence-column1179_eb8353-5c > .kt-inside-inner-col,.kadence-column1179_eb8353-5c > .kt-inside-inner-col:before{border-top-left-radius:0px;border-top-right-radius:0px;border-bottom-right-radius:0px;border-bottom-left-radius:0px;}.kadence-column1179_eb8353-5c > .kt-inside-inner-col{column-gap:var(--global-kb-gap-sm, 1rem);}.kadence-column1179_eb8353-5c > .kt-inside-inner-col{flex-direction:column;}.kadence-column1179_eb8353-5c > .kt-inside-inner-col > .aligncenter{width:100%;}.kadence-column1179_eb8353-5c > .kt-inside-inner-col:before{opacity:0.3;}.kadence-column1179_eb8353-5c{position:relative;}@media all and (max-width: 1024px){.kadence-column1179_eb8353-5c > .kt-inside-inner-col{flex-direction:column;justify-content:center;}}@media all and (max-width: 767px){.kadence-column1179_eb8353-5c > .kt-inside-inner-col{flex-direction:column;justify-content:center;}}<\/style>\n<div class=\"wp-block-kadence-column kadence-column1179_eb8353-5c inner-column-1\"><div class=\"kt-inside-inner-col\">\n<p>Kaliteli zaman ve bilgi payla\u015f\u0131m\u0131 ile etik bak\u0131\u015f a\u00e7\u0131m\u0131zdan vazge\u00e7meden, konulara g\u00fcven vizyonu ve misyonu ile yakla\u015farak yeni fikirlere a\u00e7\u0131k, kaynak politikalar\u0131 uygulayarak her zaman yan\u0131n\u0131zda olaca\u011f\u0131z.<\/p>\n<\/div><\/div>\n\n\n<style>.kadence-column1179_bfcc73-55 > .kt-inside-inner-col,.kadence-column1179_bfcc73-55 > .kt-inside-inner-col:before{border-top-left-radius:0px;border-top-right-radius:0px;border-bottom-right-radius:0px;border-bottom-left-radius:0px;}.kadence-column1179_bfcc73-55 > .kt-inside-inner-col{column-gap:var(--global-kb-gap-sm, 1rem);}.kadence-column1179_bfcc73-55 > .kt-inside-inner-col{flex-direction:column;}.kadence-column1179_bfcc73-55 > .kt-inside-inner-col > .aligncenter{width:100%;}.kadence-column1179_bfcc73-55 > .kt-inside-inner-col:before{opacity:0.3;}.kadence-column1179_bfcc73-55{position:relative;}@media all and (max-width: 1024px){.kadence-column1179_bfcc73-55 > .kt-inside-inner-col{flex-direction:column;justify-content:center;}}@media all and (max-width: 767px){.kadence-column1179_bfcc73-55 > .kt-inside-inner-col{flex-direction:column;justify-content:center;}}<\/style>\n<div class=\"wp-block-kadence-column kadence-column1179_bfcc73-55 inner-column-2\"><div class=\"kt-inside-inner-col\">\n<figure class=\"wp-block-image size-large\"><img loading=\"lazy\" decoding=\"async\" width=\"817\" height=\"273\" src=\"https:\/\/www.dasbilgisayar.com\/wp-content\/uploads\/2018\/10\/Career.jpg\" alt=\"\" class=\"wp-image-156\" srcset=\"https:\/\/www.dasbilgisayar.com\/wp-content\/uploads\/2018\/10\/Career.jpg 817w, https:\/\/www.dasbilgisayar.com\/wp-content\/uploads\/2018\/10\/Career-300x100.jpg 300w, https:\/\/www.dasbilgisayar.com\/wp-content\/uploads\/2018\/10\/Career-768x257.jpg 768w, https:\/\/www.dasbilgisayar.com\/wp-content\/uploads\/2018\/10\/Career-20x7.jpg 20w\" sizes=\"auto, (max-width: 817px) 100vw, 817px\" \/><\/figure>\n<\/div><\/div>\n\n\n<style>.kadence-column1179_2fa45f-17 > .kt-inside-inner-col,.kadence-column1179_2fa45f-17 > .kt-inside-inner-col:before{border-top-left-radius:0px;border-top-right-radius:0px;border-bottom-right-radius:0px;border-bottom-left-radius:0px;}.kadence-column1179_2fa45f-17 > .kt-inside-inner-col{column-gap:var(--global-kb-gap-sm, 1rem);}.kadence-column1179_2fa45f-17 > .kt-inside-inner-col{flex-direction:column;}.kadence-column1179_2fa45f-17 > .kt-inside-inner-col > .aligncenter{width:100%;}.kadence-column1179_2fa45f-17 > .kt-inside-inner-col:before{opacity:0.3;}.kadence-column1179_2fa45f-17{position:relative;}@media all and (max-width: 1024px){.kadence-column1179_2fa45f-17 > .kt-inside-inner-col{flex-direction:column;justify-content:center;}}@media all and (max-width: 767px){.kadence-column1179_2fa45f-17 > .kt-inside-inner-col{flex-direction:column;justify-content:center;}}<\/style>\n<div class=\"wp-block-kadence-column kadence-column1179_2fa45f-17 inner-column-3\"><div class=\"kt-inside-inner-col\">\n<p>\u0130nsan kaynaklar\u0131 politikam\u0131z\u0131; m\u00fc\u015fteri odakl\u0131 yakla\u015f\u0131m\u0131m\u0131zla do\u011fru ki\u015fileri do\u011fru i\u015flere yerle\u015ftirmek, \u015firketimiz i\u00e7indeki y\u00fcksek potansiyelleri se\u00e7mek, \u00e7al\u0131\u015fanlar\u0131m\u0131z\u0131n mesleki geli\u015fimlerini destekleyerek performanslar\u0131n\u0131 de\u011ferlendirmek ve \u00e7al\u0131\u015fanlar\u0131m\u0131zla uzun vadeli i\u015fbirli\u011fimizi s\u00fcrd\u00fcrmek olarak tan\u0131mlayabiliriz<\/p>\n\n\n\n<p>&nbsp;<\/p>\n<\/div><\/div>\n\n<\/div><\/div>\n\n<style>.kb-row-layout-id1179_ffcb1c-86 > .kt-row-column-wrap{align-content:start;}:where(.kb-row-layout-id1179_ffcb1c-86 > .kt-row-column-wrap) > .wp-block-kadence-column{justify-content:start;}.kb-row-layout-id1179_ffcb1c-86 > .kt-row-column-wrap{column-gap:var(--global-kb-gap-md, 2rem);row-gap:var(--global-kb-gap-md, 2rem);padding-top:var(--global-kb-spacing-sm, 1.5rem);padding-bottom:var(--global-kb-spacing-sm, 1.5rem);grid-template-columns:repeat(2, minmax(0, 1fr));}.kb-row-layout-id1179_ffcb1c-86{background-image:url('https:\/\/www.dasbilgisayar.com\/wp-content\/uploads\/2022\/05\/Desert1800.webp');background-size:cover;background-position:center center;background-attachment:fixed;background-repeat:no-repeat;}.kb-row-layout-id1179_ffcb1c-86 > .kt-row-layout-overlay{opacity:0.30;}@media all and (max-width: 1024px), only screen and (min-device-width: 1024px) and (max-device-width: 1366px) and (-webkit-min-device-pixel-ratio: 2) and (hover: none){.kb-row-layout-id1179_ffcb1c-86{background-attachment:scroll;}}@media all and (max-width: 1024px){.kb-row-layout-id1179_ffcb1c-86 > .kt-row-column-wrap{grid-template-columns:repeat(2, minmax(0, 1fr));}}@media all and (max-width: 767px){.kb-row-layout-id1179_ffcb1c-86 > .kt-row-column-wrap{grid-template-columns:minmax(0, 1fr);}}<\/style><div class=\"kb-row-layout-wrap kb-row-layout-id1179_ffcb1c-86 alignnone kt-row-has-bg wp-block-kadence-rowlayout\"><div class=\"kt-row-column-wrap kt-has-2-columns kt-row-layout-equal kt-tab-layout-inherit kt-mobile-layout-row kt-row-valign-top\">\n<style>.kadence-column1179_daeb8d-5e > .kt-inside-inner-col,.kadence-column1179_daeb8d-5e > .kt-inside-inner-col:before{border-top-left-radius:0px;border-top-right-radius:0px;border-bottom-right-radius:0px;border-bottom-left-radius:0px;}.kadence-column1179_daeb8d-5e > .kt-inside-inner-col{column-gap:var(--global-kb-gap-sm, 1rem);}.kadence-column1179_daeb8d-5e > .kt-inside-inner-col{flex-direction:column;}.kadence-column1179_daeb8d-5e > .kt-inside-inner-col > .aligncenter{width:100%;}.kadence-column1179_daeb8d-5e > .kt-inside-inner-col:before{opacity:0.3;}.kadence-column1179_daeb8d-5e{position:relative;}@media all and (max-width: 1024px){.kadence-column1179_daeb8d-5e > .kt-inside-inner-col{flex-direction:column;justify-content:center;}}@media all and (max-width: 767px){.kadence-column1179_daeb8d-5e > .kt-inside-inner-col{flex-direction:column;justify-content:center;}}<\/style>\n<div class=\"wp-block-kadence-column kadence-column1179_daeb8d-5e inner-column-1\"><div class=\"kt-inside-inner-col\"><\/div><\/div>\n\n\n<style>.kadence-column1179_e57cff-4c > .kt-inside-inner-col,.kadence-column1179_e57cff-4c > .kt-inside-inner-col:before{border-top-left-radius:0px;border-top-right-radius:0px;border-bottom-right-radius:0px;border-bottom-left-radius:0px;}.kadence-column1179_e57cff-4c > .kt-inside-inner-col{column-gap:var(--global-kb-gap-sm, 1rem);}.kadence-column1179_e57cff-4c > .kt-inside-inner-col{flex-direction:column;}.kadence-column1179_e57cff-4c > .kt-inside-inner-col > .aligncenter{width:100%;}.kadence-column1179_e57cff-4c > .kt-inside-inner-col:before{opacity:0.3;}.kadence-column1179_e57cff-4c{position:relative;}.kadence-column1179_e57cff-4c, .kt-inside-inner-col > .kadence-column1179_e57cff-4c:not(.specificity){margin-top:100px;margin-bottom:50px;}@media all and (max-width: 1024px){.kadence-column1179_e57cff-4c > .kt-inside-inner-col{flex-direction:column;justify-content:center;}}@media all and (max-width: 767px){.kadence-column1179_e57cff-4c > .kt-inside-inner-col{flex-direction:column;justify-content:center;}}<\/style>\n<div class=\"wp-block-kadence-column kadence-column1179_e57cff-4c inner-column-2\"><div class=\"kt-inside-inner-col\"><style>.kadence-form-1179_2047c0-af .kb-form .kadence-blocks-form-field .kb-text-style-field, .kadence-form-1179_2047c0-af .kb-form .kadence-blocks-form-field .kb-select-style-field{color:#065396;border-width:3px 3px 3px 3px;}.kadence-form-1179_2047c0-af .kb-form .kadence-blocks-form-field .kb-text-style-field:focus, .kadence-form-1179_2047c0-af .kb-form .kadence-blocks-form-field .kb-select-style-field:focus{border-color:var(--global-palette2, #2B6CB0);}.kb-form input.kadence-blocks-field.verify{opacity:0.0;position:absolute;top:0.0;left:0.0;width:0.0;height:0.0;z-index:-1;}<\/style>\n<div class=\"wp-block-kadence-form kadence-form-1179_2047c0-af kb-form-wrap\"><form class=\"kb-form\" action=\"\" method=\"post\" data-trp-original-action=\"\"><div class=\"kadence-blocks-form-field kb-field-desk-width-80 kb-field-tablet-width-100 kb-field-mobile-width-100 kb-input-size-standard\"><input name=\"kb_field_0\" id=\"kb_field_1179_2047c0-af_0\" data-label=\"Full Name\" type=\"text\" placeholder=\"Full Name\" value=\"\" data-type=\"text\" class=\"kb-field kb-text-style-field kb-text-field kb-field-0\" data-required=\"yes\"\/><\/div><div class=\"kadence-blocks-form-field kb-form-field-1 kb-field-desk-width-80 kb-input-size-standard\"><input name=\"kb_field_1\" id=\"kb_field_1179_2047c0-af_1\" data-label=\"Email\" type=\"email\" placeholder=\"Email\" value=\"\" data-type=\"email\" class=\"kb-field kb-text-style-field kb-email-field kb-field-1\" data-required=\"yes\"\/><\/div><div class=\"kadence-blocks-form-field kb-form-field-2 kb-field-desk-width-80 kb-input-size-standard\"><textarea name=\"kb_field_2\" id=\"kb_field_1179_2047c0-af_2\" data-label=\"Message\" type=\"textarea\" placeholder=\"Message\" data-type=\"textarea\" class=\"kb-field kb-text-style-field kb-textarea-field kb-field-2\" rows=\"4\" data-required=\"yes\"><\/textarea><\/div><input type=\"hidden\" name=\"_kb_form_id\" value=\"1179_2047c0-af\"\/><input type=\"hidden\" name=\"_kb_form_post_id\" value=\"1179\"\/><input type=\"hidden\" name=\"action\" value=\"kb_process_ajax_submit\"\/><div class=\"kadence-blocks-form-field google-recaptcha-checkout-wrap\"><p id=\"kb-container-g-recaptcha\" class=\"google-recaptcha-container\"><span id=\"kb_recaptcha_1179_2047c0-af\" class=\"kadence-blocks-g-recaptcha-v2 g-recaptcha kb_recaptcha_1179_2047c0-af\" style=\"display:inline-block\"><\/span><\/p><\/div><label class=\"kadence-verify-label\">Email<input class=\"kadence-blocks-field verify\" type=\"text\" name=\"_kb_verify_email\" autocomplete=\"new-password\" aria-hidden=\"true\" placeholder=\"Email\" tabindex=\"-1\" data-1p-ignore=\"true\" data-lpignore=\"true\" \/><\/label><div class=\"kadence-blocks-form-field kb-submit-field kb-field-desk-width-100\"><button class=\"kb-forms-submit button kb-button-size-standard kb-button-width-auto\">Submit<\/button><\/div><input type=\"hidden\" name=\"trp-form-language\" value=\"tr\"\/><\/form><\/div>\n<noscript><div class=\"kadence-blocks-form-message kadence-blocks-form-warning\">Please enable JavaScript in your browser to submit the form<\/div><style>.kadence-form-1179_2047c0-af .kadence-blocks-form-field.kb-submit-field { display: none; }<\/style><\/noscript><\/div><\/div>\n\n<\/div><\/div>\n\n\n<p><\/p>","protected":false},"excerpt":{"rendered":"<p>Why With Us We will always be with you by applying open, resource policies to new ideas with con\ufb01dence vision and mission by approaching the issues, without giving up our ethical point of view with quality time and information sharing. Our human resources policy; we can define our customer-focused approach as placing the right people&#8230;<\/p>","protected":false},"author":1,"featured_media":0,"parent":0,"menu_order":0,"comment_status":"closed","ping_status":"closed","template":"","meta":{"_kad_blocks_custom_css":"","_kad_blocks_head_custom_js":"","_kad_blocks_body_custom_js":"","_kad_blocks_footer_custom_js":"","_kad_post_transparent":"","_kad_post_title":"hide","_kad_post_layout":"fullwidth","_kad_post_sidebar_id":"","_kad_post_content_style":"unboxed","_kad_post_vertical_padding":"","_kad_post_feature":"","_kad_post_feature_position":"","_kad_post_header":false,"_kad_post_footer":false,"_kad_post_classname":"","footnotes":""},"class_list":["post-1179","page","type-page","status-publish","hentry"],"taxonomy_info":[],"featured_image_src_large":false,"author_info":{"display_name":"admin","author_link":"https:\/\/www.dasbilgisayar.com\/tr\/author\/u7074942\/"},"comment_info":0,"_links":{"self":[{"href":"https:\/\/www.dasbilgisayar.com\/tr\/wp-json\/wp\/v2\/pages\/1179","targetHints":{"allow":["GET"]}}],"collection":[{"href":"https:\/\/www.dasbilgisayar.com\/tr\/wp-json\/wp\/v2\/pages"}],"about":[{"href":"https:\/\/www.dasbilgisayar.com\/tr\/wp-json\/wp\/v2\/types\/page"}],"author":[{"embeddable":true,"href":"https:\/\/www.dasbilgisayar.com\/tr\/wp-json\/wp\/v2\/users\/1"}],"replies":[{"embeddable":true,"href":"https:\/\/www.dasbilgisayar.com\/tr\/wp-json\/wp\/v2\/comments?post=1179"}],"version-history":[{"count":1,"href":"https:\/\/www.dasbilgisayar.com\/tr\/wp-json\/wp\/v2\/pages\/1179\/revisions"}],"predecessor-version":[{"id":2339,"href":"https:\/\/www.dasbilgisayar.com\/tr\/wp-json\/wp\/v2\/pages\/1179\/revisions\/2339"}],"wp:attachment":[{"href":"https:\/\/www.dasbilgisayar.com\/tr\/wp-json\/wp\/v2\/media?parent=1179"}],"curies":[{"name":"wp","href":"https:\/\/api.w.org\/{rel}","templated":true}]}}